{"id":2855,"date":"2022-12-18T13:25:39","date_gmt":"2022-12-18T12:25:39","guid":{"rendered":"http:\/\/hucbald.nl\/?page_id=2855"},"modified":"2022-12-22T18:47:44","modified_gmt":"2022-12-22T17:47:44","slug":"board-and-committees","status":"publish","type":"page","link":"https:\/\/hucbald.nl\/en\/board-and-committees\/","title":{"rendered":"Board and Committees"},"content":{"rendered":"<p><strong>The Board<\/strong><br>The board of 2022-2023 is the 82<sup>nd<\/sup> board of Hucbald, under the name \u2018\u00c0 Volont\u00e9\u2019.<br>The 82<sup>nd<\/sup> board consists of five members:<\/p>\n\n\n\n<p><strong>Jeroen Henderix \u2013 Chairman<\/strong><br>This year Jeroen Henderix is the chairman of Hucbald.<br>All the way from Den Bosch he comes to update you on hip-hop, jazz and funk, but also on food, drinks, poetry and abstract art.<br>His secret weapons are his questions and his answers to questions he once asked himself. So stop by and ask him something about himself, like his work as a bartender at theaters.<br>Just don&#8217;t mention musicals&#8230;<\/p>\n\n\n\n<p><strong>Annelotte Marechal \u2013 Secretary<\/strong><br>Annelotte Marechal is the secretary of Hucbald this year. She grew up in a small village in Brabant. Her hobbies are Karate, going to concerts and festivals! Interesting is that she does not play any instrument.<br>Due to the book &#8220;1001 Albums you must have heard&#8221; Annelotte has gotten familiar with musicology. For questions about activities, the board and social media you can come to her.<\/p>\n\n\n\n<p><strong>Judith Wijers \u2013 Treasurer<\/strong><br>Judith Wijers is this years treasurer for Hucbald. Being born in Berlin, she is the only not fully Dutch board member, but luckily being a Hucbladian almost counts as its own nationality.\u00a0<br>Going into this year with earlier experience in the Studyrip Committee, she is looking forward to all the activities other committees will organise for Hucbald this year. Judith is easily convinced to have a drink at the pandje or to dance away her energy and sing away her voice when going out.\u00a0<br>Overall, she is looking forward to this year as board member and is always happy to help in any situation.<\/p>\n\n\n\n<p><strong>Anne Goorhuis &#8211; Commissary of Internal and Educational Affairs<\/strong><br>This year, Anne Goorhuis is Hucbald&#8217;s Commissioner of Internal &amp; Education. A proud Amsterdam native who went to study in Utrecht against everyone&#8217;s expectations, but she is having a mega fun time here with fellow Hucbaldians.&nbsp;<br>She is always up for a game of cards, visiting museums, discovering new music, speaks a word of Italian, and loves going out with friends. You can always approach Anne for a friendly chat and anything to do with studying.<\/p>\n\n\n\n<p><strong>Floris Luijendijk &#8211; Commissary of External Affairs<\/strong><br>Let me introduce you to the Commissary of External Relations, Floris Luijendijk. Proudly born in the city of Leiden, you can always wake him up for a meal of hotchpotch (hutspot), and he&#8217;ll gladly talk about the \u2018sleutelstad\u2019. <br>He is also very passionate about the blues, Norse mythology and his amazing band called Rochel. If you have a question about any of these subjects, then he\u2019ll certainly have an answer most of the time. So please stop by once in a while, and you can ofcourse always ask him other questions as well!<\/p>\n\n\n\n<p> <\/p>\n\n\n\n<p><strong>Committees<\/strong><br>Hucbald would be nowhere without our amazing members and the committees they take place in!<br>Hucbald has seven committees and a band.<\/p>\n\n\n\n<p><strong>Alumni Committee<\/strong> \u2013 This committee is always busy with the alumni from Musicology in Utrecht, and makes sure Hucbald stays in touch with them. Every year&nbsp;they organise the \u2018Alumnidag\u2019, a day where members and alumni can meet up and talk about the future and life after studying Musicology. They also organise a \u2018Bedrijvendag\u2019, a day where we visit&nbsp;companies or institutions where alumni are currently working. They also organise the \u2018alumniborrel\u2019 (alumni&nbsp;drinks), an informal way for students to meet alumni.<br>The Alumni Committee 2022-2023 consists of:<br>Floris Luijendijk \u2013 Chairman<br>Nynke Broekmeulen \u2013 Secretary<br>Aram Frankfort \u2013 Treasurer<br>Marjolein Wellink &#8211; Alumn-member<\/p>\n\n\n\n<p><strong>Party and Activity Committee<\/strong> \u2013 This committee organises a large part of the leisure activities that take place within Hucbald. Together with other study associations they organise parties throughout the year. Furthermore they take care of yearly activities like movie nights, a Christmas brunch, pubquizzes and much more!<br>The Party and Activity Committee 2022-2023 consists of:<br>Kars van Schaik \u2013 Chairman<br>Nina Zwang \u2013 Secretary<br>Matti Mual \u2013 Treasurer<br>Midas van Schaik &#8211; Commissioner of Logistics and Location<\/p>\n\n\n\n<p><strong>Education Committee<\/strong> \u2013 The Education Committee takes care of, as the name implies, educational activities. They organise lectures, workshops and a symposium among others. Lectures take place twice a year, the symposium once and throughout the year lots of other interesting activities.<br>The Education Committee 2022-2023 consists of:<br>Elyne Krakers \u2013 Chairwoman<br>Christina van Beek&nbsp; \u2013 Secretary<br>Anton Bouwers \u2013 Treasurer<br>Puk Groos &#8211; PR-Commissioner<br>Hannah Pardede &#8211; General member<\/p>\n\n\n\n<p><strong>Introduction Committee<\/strong> \u2013 This committee makes sure first-year students get a warm welcome. They are responsible for the \u2018meeloopdagen\u2019, help at open days, matching days and other activities. They organise the Introduction Camp, a week packed with introductional activities together with their fellow first-years! The&nbsp;committee makes sure first-year students feel at home quickly in Utrecht and within Hucbald.<br>The Introduction committee 2022-2023 consists of:<br>Remy Mastbroek \u2013 Chairman<br>Meike broer \u2013 Secretary<br>Sem Schenk \u2013 Treasurer<br>Aram Frankfort \u2013 Mentor<br>Nina Zwang \u2013 Mentor<br>Kiki Munnichs &#8211; Mentor<br>Fenna Mulder \u2013 Mentor<br>Andr\u00e9 van Rossum &#8211; Mentor<\/p>\n\n\n\n<p><strong>Choir Committee<\/strong> \u2013 Since the choir practice was removed from the curriculum, Hucbald organises a remembrance project each year on the 4<sup>th<\/sup> of May. It was first organised in 2009 and it is now a set part of the Utrecht remembrance services. The Choir Committee has the honour to organise this project. They take care of the sponsors, mobilise the orchestra and look for choir members. The choir consists mainly of inexperienced singers and everyone is welcome to join the choir, there are no auditions! The past years we have sung requiems by Cherubini, Mozart, Durufl\u00e9, Verdi, Saint-Sa\u00ebns and Faur\u00e9. <br>The Choir Committee 2022-2023 consists of:<br>Rosalie van Hinsbergen &#8211; Chairwoman<br>Jesse Ruijs &#8211; Secretary<br>Yael van Waes &#8211; Treasurer<br>Aiden de Wit- Choir Commissioner<br>Sophie Hazeu &#8211; Orchestra Commissioner<br>Farah Winters &#8211; PR-commissioner<\/p>\n\n\n\n<p><strong>Study Trip Committee<\/strong> \u2013 Each year Hucbald has a study trip in the lecture-free week after the exam week of block 3. This committee takes care of the trip, from choosing a destination, to making sure we have a place to sleep, to fun activities. Previous years Hucbald has visited Paris, Berlin, Budapest, Glasgow, Lisbon, Vienna, Madrid, Rome and Prague.<br>The Study Trip Committee 2022-2023 consists of:<br>Marjolein Scheltens \u2013 Chairwoman<br>Puk Groos \u2013 Secretary<br>Jorian de Vries\u2013 Treasurer<br>Chiara Huizing \u2013 Commissioner of Logistics and Residence<br>Noah Lefebure &#8211; Commissioner of Activities<\/p>\n\n\n\n<p><strong>Podium Committee &#8211;&nbsp;<\/strong>This committee organizes the open mic nights and the Classical Evening. Because the study of musicology is not very focused on performing music by ourself, these evenings are the perfect opportunity to show your musical talents to fellow students.<br>The Podium Committee 2022-2023 consists of:<br>Reimer Ikink &#8211; Chairman<br>Hannah Pardede &#8211; Secretary<br>Pieter Nolet &#8211; Treasurer<br>Daan van der Pol &#8211; Commissioner of Logistics and Location<br>Max Eising &#8211; PR-Commissioner<\/p>\n\n\n\n<p><strong>Website Committee<\/strong> \u2013 This committee takes care of the content of this website and makes sure it is up to date! The members write fun articles, but if you have an idea for an interesting article or a nice column, you can always contact them.<br>The Website Committee 2022-2023 consists of:<br>Janna Sprong \u2013 Chairwoman and Technical editor<br>Twan Swagten \u2013 Secretary<br>Annelote Marechal \u2013 Final editor and Treasurer<br>Jikke Paternot \u2013 General member<br>Meike Broer \u2013 General member<br>Sasha Groep \u2013 General member<br>Mandy Heijligers &#8211; General member<\/p>\n\n\n\n<p><strong>Hucband<\/strong> \u2013 The Hucband is a small collective of students who occasionally meet to make music together. They perform at open mic nights, the annual Family Day and other activities.<\/p>","protected":false},"excerpt":{"rendered":"<p>The BoardThe board of 2022-2023 is the 82nd board of Hucbald, under the name \u2018\u00c0 Volont\u00e9\u2019.The 82nd board consists of five members: Jeroen Henderix \u2013 ChairmanThis year Jeroen Henderix is the chairman of Hucbald.All the way from Den Bosch he comes to update you on hip-hop, jazz and funk, but also on food, drinks, poetry [&hellip;]<\/p>\n","protected":false},"author":1,"featured_media":0,"parent":0,"menu_order":0,"comment_status":"closed","ping_status":"closed","template":"","meta":{"_acf_changed":false,"site-sidebar-layout":"default","site-content-layout":"","ast-site-content-layout":"","site-content-style":"default","site-sidebar-style":"default","ast-global-header-display":"","ast-banner-title-visibility":"","ast-main-header-display":"","ast-hfb-above-header-display":"","ast-hfb-below-header-display":"","ast-hfb-mobile-header-display":"","site-post-title":"","ast-breadcrumbs-content":"","ast-featured-img":"","footer-sml-layout":"","theme-transparent-header-meta":"","adv-header-id-meta":"","stick-header-meta":"","header-above-stick-meta":"","header-main-stick-meta":"","header-below-stick-meta":"","astra-migrate-meta-layouts":"default","ast-page-background-enabled":"default","ast-page-background-meta":{"desktop":{"background-color":"","background-image":"","background-repeat":"repeat","background-position":"center center","background-size":"auto","background-attachment":"scroll","background-type":"","background-media":"","overlay-type":"","overlay-color":"","overlay-opacity":"","overlay-gradient":""},"tablet":{"background-color":"","background-image":"","background-repeat":"repeat","background-position":"center center","background-size":"auto","background-attachment":"scroll","background-type":"","background-media":"","overlay-type":"","overlay-color":"","overlay-opacity":"","overlay-gradient":""},"mobile":{"background-color":"","background-image":"","background-repeat":"repeat","background-position":"center center","background-size":"auto","background-attachment":"scroll","background-type":"","background-media":"","overlay-type":"","overlay-color":"","overlay-opacity":"","overlay-gradient":""}},"ast-content-background-meta":{"desktop":{"background-color":"var(--ast-global-color-5)","background-image":"","background-repeat":"repeat","background-position":"center center","background-size":"auto","background-attachment":"scroll","background-type":"","background-media":"","overlay-type":"","overlay-color":"","overlay-opacity":"","overlay-gradient":""},"tablet":{"background-color":"var(--ast-global-color-5)","background-image":"","background-repeat":"repeat","background-position":"center center","background-size":"auto","background-attachment":"scroll","background-type":"","background-media":"","overlay-type":"","overlay-color":"","overlay-opacity":"","overlay-gradient":""},"mobile":{"background-color":"var(--ast-global-color-5)","background-image":"","background-repeat":"repeat","background-position":"center center","background-size":"auto","background-attachment":"scroll","background-type":"","background-media":"","overlay-type":"","overlay-color":"","overlay-opacity":"","overlay-gradient":""}},"slim_seo":{"title":"Board and Committees - Studievereniging Hucbald","description":"The Board The board of 2022-2023 is the 82 nd board of Hucbald, under the name \u2018\u00c0 Volont\u00e9\u2019. The 82 nd board consists of five members: Jeroen Henderix \u2013 Chairman"},"footnotes":""},"class_list":["post-2855","page","type-page","status-publish","hentry"],"acf":[],"_links":{"self":[{"href":"https:\/\/hucbald.nl\/en\/wp-json\/wp\/v2\/pages\/2855","targetHints":{"allow":["GET"]}}],"collection":[{"href":"https:\/\/hucbald.nl\/en\/wp-json\/wp\/v2\/pages"}],"about":[{"href":"https:\/\/hucbald.nl\/en\/wp-json\/wp\/v2\/types\/page"}],"author":[{"embeddable":true,"href":"https:\/\/hucbald.nl\/en\/wp-json\/wp\/v2\/users\/1"}],"replies":[{"embeddable":true,"href":"https:\/\/hucbald.nl\/en\/wp-json\/wp\/v2\/comments?post=2855"}],"version-history":[{"count":0,"href":"https:\/\/hucbald.nl\/en\/wp-json\/wp\/v2\/pages\/2855\/revisions"}],"wp:attachment":[{"href":"https:\/\/hucbald.nl\/en\/wp-json\/wp\/v2\/media?parent=2855"}],"curies":[{"name":"wp","href":"https:\/\/api.w.org\/{rel}","templated":true}]}}