{"id":357,"date":"2017-05-03T20:03:50","date_gmt":"2017-05-03T20:03:50","guid":{"rendered":"http:\/\/wordpress.hucbald.nl\/?page_id=357"},"modified":"2023-12-03T19:06:19","modified_gmt":"2023-12-03T18:06:19","slug":"over-studievereniging-hucbald-2","status":"publish","type":"page","link":"https:\/\/hucbald.nl\/en\/over-studievereniging-hucbald-2\/","title":{"rendered":"About Study Association Hucbald"},"content":{"rendered":"\t\t<div data-elementor-type=\"wp-page\" data-elementor-id=\"357\" class=\"elementor elementor-357\">\n\t\t\t\t<div class=\"elementor-element elementor-element-6c3c2241 e-flex e-con-boxed jltma-glass-effect-no e-con e-parent\" data-id=\"6c3c2241\" data-element_type=\"container\" data-e-type=\"container\">\n\t\t\t\t\t<div class=\"e-con-inner\">\n\t\t\t\t<div class=\"elementor-element elementor-element-5b7ef1c2 jltma-glass-effect-no elementor-widget elementor-widget-text-editor\" data-id=\"5b7ef1c2\" data-element_type=\"widget\" data-e-type=\"widget\" data-widget_type=\"text-editor.default\">\n\t\t\t\t<div class=\"elementor-widget-container\">\n\t\t\t\t\t\t\t\t\t<p><\/p>\n<p>Studievereniging Hucbald is d\u00e9 studievereniging voor studenten Muziekwetenschap aan de Universiteit Utrecht. Het heeft een jaarlijks wisselend vijf-koppig bestuur en acht commissies. De vereniging houdt zich bezig met het organiseren van studiegerelateerde en sociale activiteiten voor haar ruim 125 leden. Enkele hoogtepunten zijn het jaarlijks terugkerende Koorproject, de Familiedag, Alumnidag en de buitenlandse reis. Naast alle eigen activiteiten werkt Studievereniging Hucbald samen met vele andere studieverenigingen en bedrijven in met name Utrecht en Amsterdam om een nog gevarieerder aanbod aan haar leden te kunnen bieden. Daarnaast werkt Studievereniging Hucbald nauw samen met de Universiteit Utrecht om de studie Muziekwetenschap te blijven optimaliseren.<\/p>\n<p>Wist je dat..<\/p>\n<ul>\n<li><span style=\"font-size: 16px;\">Hucbald de \u00e9\u00e9n na oudste studievereniging is van faculteit Geesteswetenschappen Utrecht?<\/span><\/li>\n<li>Hucbald niet alleen in de oorlog, maar ook nog eens door twee vrouwen is opgericht?<\/li>\n<li>er ieder jaar een herdenkingsconcert organiseert wordt door Hucbald voor de dodenherdenking?<\/li>\n<li>Er een Hucbald-motet bestaat?\u00a0<\/li>\n<\/ul>\n<p><\/p>\t\t\t\t\t\t\t\t<\/div>\n\t\t\t\t<\/div>\n\t\t\t\t\t<\/div>\n\t\t\t\t<\/div>\n\t\t<div class=\"elementor-element elementor-element-968fcde e-flex e-con-boxed jltma-glass-effect-no e-con e-parent\" data-id=\"968fcde\" data-element_type=\"container\" data-e-type=\"container\">\n\t\t\t\t\t<div class=\"e-con-inner\">\n\t\t\t\t<div class=\"elementor-element elementor-element-ed4e8c8 jltma-glass-effect-no elementor-widget elementor-widget-n-accordion\" data-id=\"ed4e8c8\" data-element_type=\"widget\" data-e-type=\"widget\" data-settings=\"{&quot;default_state&quot;:&quot;all_collapsed&quot;,&quot;max_items_expended&quot;:&quot;one&quot;,&quot;n_accordion_animation_duration&quot;:{&quot;unit&quot;:&quot;ms&quot;,&quot;size&quot;:400,&quot;sizes&quot;:[]}}\" data-widget_type=\"nested-accordion.default\">\n\t\t\t\t<div class=\"elementor-widget-container\">\n\t\t\t\t\t\t\t<div class=\"e-n-accordion\" aria-label=\"Accordion. Open links with Enter or Space, close with Escape, and navigate with Arrow Keys\">\n\t\t\t\t\t\t<details id=\"e-n-accordion-item-2480\" class=\"e-n-accordion-item\" >\n\t\t\t\t<summary class=\"e-n-accordion-item-title\" data-accordion-index=\"1\" tabindex=\"0\" aria-expanded=\"false\" aria-controls=\"e-n-accordion-item-2480\" >\n\t\t\t\t\t<span class='e-n-accordion-item-title-header'><div class=\"e-n-accordion-item-title-text\"> Lees hier over de geschiedenis van onze studievereniging! <\/div><\/span>\n\t\t\t\t\t\t\t<span class='e-n-accordion-item-title-icon'>\n\t\t\t<span class='e-opened' ><svg aria-hidden=\"true\" class=\"e-font-icon-svg e-fas-minus\" viewBox=\"0 0 448 512\" xmlns=\"http:\/\/www.w3.org\/2000\/svg\"><path d=\"M416 208H32c-17.67 0-32 14.33-32 32v32c0 17.67 14.33 32 32 32h384c17.67 0 32-14.33 32-32v-32c0-17.67-14.33-32-32-32z\"><\/path><\/svg><\/span>\n\t\t\t<span class='e-closed'><svg aria-hidden=\"true\" class=\"e-font-icon-svg e-fas-plus\" viewBox=\"0 0 448 512\" xmlns=\"http:\/\/www.w3.org\/2000\/svg\"><path d=\"M416 208H272V64c0-17.67-14.33-32-32-32h-32c-17.67 0-32 14.33-32 32v144H32c-17.67 0-32 14.33-32 32v32c0 17.67 14.33 32 32 32h144v144c0 17.67 14.33 32 32 32h32c17.67 0 32-14.33 32-32V304h144c17.67 0 32-14.33 32-32v-32c0-17.67-14.33-32-32-32z\"><\/path><\/svg><\/span>\n\t\t<\/span>\n\n\t\t\t\t\t\t<\/summary>\n\t\t\t\t<div role=\"region\" aria-labelledby=\"e-n-accordion-item-2480\" class=\"elementor-element elementor-element-3e2d789 e-con-full e-flex jltma-glass-effect-no e-con e-child\" data-id=\"3e2d789\" data-element_type=\"container\" data-e-type=\"container\">\n\t\t\t\t<div class=\"elementor-element elementor-element-58f2400 jltma-glass-effect-no elementor-widget elementor-widget-heading\" data-id=\"58f2400\" data-element_type=\"widget\" data-e-type=\"widget\" data-widget_type=\"heading.default\">\n\t\t\t\t<div class=\"elementor-widget-container\">\n\t\t\t\t\t<h2 class=\"elementor-heading-title elementor-size-default\">Geschiedenis van Studievereniging Hucbald<\/h2>\t\t\t\t<\/div>\n\t\t\t\t<\/div>\n\t\t\t\t<div class=\"elementor-element elementor-element-9871289 jltma-glass-effect-no elementor-widget elementor-widget-text-editor\" data-id=\"9871289\" data-element_type=\"widget\" data-e-type=\"widget\" data-widget_type=\"text-editor.default\">\n\t\t\t\t<div class=\"elementor-widget-container\">\n\t\t\t\t\t\t\t\t\t<p>In 1941 besloot een groep muziekwetenschapstudenten, onder wie H\u00e9l\u00e8ne Nolthenius (1920-2000) en Nancy van der Elst (1919-2017), een dispuut op te richten. Ze noemden het naar de monnik Pseudo-Hucbald van St. Amand (ca. 850\u2013930, hoe het zat met dat \u2018pseudo\u2019 kon ook mevrouw Van der Elst helaas niet vertellen), die enkele van de vroegst bekende muziektheoretische geschriften uit de Lage Landen naliet en dus een geschikte naamgever voor de vereniging werd bevonden.<\/p>\n<p>Gedurende de eerste jaren was de vereniging ondergronds actief, omdat de Duitse bezetter een verbod had ingesteld op verenigingen die niet gelieerd waren aan de NSB. Op vaste tijden kwamen leden bij andere leden thuis bijeen om te spreken over muziekgeschiedenis (Nancy van der Elst beschreef ze als \u201ccongresjes\u201d), te componeren, of gezamenlijk te musiceren. De vereniging leverde in de eerste jaren een vaste bijdrage aan de Utrechtse Bach-cantatedienst, ingesteld door Hans Brandts Buys, de latere oprichter van het Utrechts Studenten Koor en Orkest (USKO) en het Leidsche Collegium Musicum.<\/p>\n<p>Na college zongen de studenten onderling polyfonie en gregoriaans. Ook werden er maandelijks dispuutbijeenkomsten georganiseerd. De studenten hadden een taakverdeling voor het lezen van onder andere de nieuwste boeken en artikelen en bespraken deze met elkaar. H\u00e9l\u00e8ne Nolthenius schreef de tekst voor een officieel Hucbaldmotet dat door Nancy van der Elst van muziek werd voorzien. De cantus firmus bestond uit het solmisatiemotief ut-la-sol-mi-la-ut-si-la (\u201cHucbald Gloria Musica\u201d). Deze staat onderaan weergegeven.<\/p>\n<p>In 2016 vierde de vereniging haar vijftiende lustrum. In dit jaar schreven twee Hucbald-prominenten (Rhodan ten Kleij en Tijsjoris Groot) een nieuw lied voor de vereniging: \u201cDe Entiteit\u201d. Eerdere lustrumliederen werden geschreven door Leo Samama. Hij maakte voor het tiende lustrum een bewerking van Mahlers eerste symfonie.<\/p>\n<p>In de loop der jaren heeft Studievereniging Hucbald zich ontwikkeld tot een moderne studievereniging. Vandaag de dag houdt Studievereniging Hucbald zich bezig met het organiseren van o.a. open podia, lezingen, een bedrijvendag, een symposium, concertbezoeken, feesten, borrels, een studiereis, een familiedag, excursies, introducties, workshops en een herdenkingsconcert. Ook publiceert de vereniging een digitale nieuwsbrief en verzorgt Hucbald de boekverkoop voor muziekwetenschapstudenten. Hucbald is het \u2018zusje\u2019 van A-Eskwadraat (wiskunde, natuurkunde en informatica), Alias (taal- en cultuurstudies) en FUF (filosofie).<\/p>\n<p><audio class=\"wp-audio-shortcode\" id=\"audio-357-1\" preload=\"none\" style=\"width: 100%;\" controls=\"controls\"><source type=\"audio\/mpeg\" src=\"https:\/\/hucbald.nl\/wp-content\/uploads\/2023\/11\/hucbaldmotet.mp3?_=1\" \/><a href=\"https:\/\/hucbald.nl\/wp-content\/uploads\/2023\/11\/hucbaldmotet.mp3\">https:\/\/hucbald.nl\/wp-content\/uploads\/2023\/11\/hucbaldmotet.mp3<\/a><\/audio><\/p>\t\t\t\t\t\t\t\t<\/div>\n\t\t\t\t<\/div>\n\t\t\t\t<\/div>\n\t\t\t\t\t<\/details>\n\t\t\t\t\t<\/div>\n\t\t\t\t\t\t<\/div>\n\t\t\t\t<\/div>\n\t\t\t\t\t<\/div>\n\t\t\t\t<\/div>\n\t\t<div class=\"elementor-element elementor-element-5ff354e e-flex e-con-boxed jltma-glass-effect-no e-con e-parent\" data-id=\"5ff354e\" data-element_type=\"container\" data-e-type=\"container\">\n\t\t\t\t\t<div class=\"e-con-inner\">\n\t\t<div class=\"elementor-element elementor-element-20ebbae e-con-full e-flex jltma-glass-effect-no e-con e-child\" data-id=\"20ebbae\" data-element_type=\"container\" data-e-type=\"container\">\n\t\t\t\t<div class=\"elementor-element elementor-element-253e975 jltma-glass-effect-no elementor-widget elementor-widget-heading\" data-id=\"253e975\" data-element_type=\"widget\" data-e-type=\"widget\" data-widget_type=\"heading.default\">\n\t\t\t\t<div class=\"elementor-widget-container\">\n\t\t\t\t\t<h2 class=\"elementor-heading-title elementor-size-default\">Hucbald motet<\/h2>\t\t\t\t<\/div>\n\t\t\t\t<\/div>\n\t\t\t\t<div class=\"elementor-element elementor-element-4c1ee17 jltma-glass-effect-no elementor-widget elementor-widget-text-editor\" data-id=\"4c1ee17\" data-element_type=\"widget\" data-e-type=\"widget\" data-widget_type=\"text-editor.default\">\n\t\t\t\t<div class=\"elementor-widget-container\">\n\t\t\t\t\t\t\t\t\t<p>In 1941 schreven oprichtsters Nancy van Elst en H\u00e9l\u00e8ne Nolthenius samen dit motet. H\u00e9l\u00e8ne schreef de tekst, die Nancy onder muziek zette. Luister het hier!<\/p>\t\t\t\t\t\t\t\t<\/div>\n\t\t\t\t<\/div>\n\t\t\t\t<div class=\"elementor-element elementor-element-1c36746 jltma-glass-effect-no elementor-widget elementor-widget-text-editor\" data-id=\"1c36746\" data-element_type=\"widget\" data-e-type=\"widget\" data-widget_type=\"text-editor.default\">\n\t\t\t\t<div class=\"elementor-widget-container\">\n\t\t\t\t\t\t\t\t\t<p>\u00a0<\/p>\n<p><audio class=\"wp-audio-shortcode\" id=\"audio-357-2\" preload=\"none\" style=\"width: 100%;\" controls=\"controls\"><source type=\"audio\/mpeg\" src=\"https:\/\/hucbald.nl\/wp-content\/uploads\/2023\/11\/hucbaldmotet.mp3?_=2\" \/><a href=\"https:\/\/hucbald.nl\/wp-content\/uploads\/2023\/11\/hucbaldmotet.mp3\">https:\/\/hucbald.nl\/wp-content\/uploads\/2023\/11\/hucbaldmotet.mp3<\/a><\/audio><\/p>\t\t\t\t\t\t\t\t<\/div>\n\t\t\t\t<\/div>\n\t\t\t\t<\/div>\n\t\t<div class=\"elementor-element elementor-element-ebe4f32 e-con-full e-flex jltma-glass-effect-no e-con e-child\" data-id=\"ebe4f32\" data-element_type=\"container\" data-e-type=\"container\">\n\t\t\t\t<div class=\"elementor-element elementor-element-315b6c0 jltma-glass-effect-no elementor-widget elementor-widget-pdfjs_viewer\" data-id=\"315b6c0\" data-element_type=\"widget\" data-e-type=\"widget\" data-widget_type=\"pdfjs_viewer.default\">\n\t\t\t\t<div class=\"elementor-widget-container\">\n\t\t\t\t\t<iframe src=\"https:\/\/hucbald.nl\/wp-content\/plugins\/pdf-viewer-for-elementor\/assets\/pdfjs\/web\/viewer.html?file=https:\/\/hucbald.nl\/wp-content\/uploads\/2023\/11\/hucbaldmotet.pdf&amp;embedded=true\" style=\"display: block; margin-left: auto; margin-right: auto; width: 835px; height: 1020px;\" frameborder=\"1\" marginheight=\"0px\" marginwidth=\"0px\" allowfullscreen><\/iframe>\t\t\t\t<\/div>\n\t\t\t\t<\/div>\n\t\t\t\t<\/div>\n\t\t\t\t\t<\/div>\n\t\t\t\t<\/div>\n\t\t<div class=\"elementor-element elementor-element-199a801 e-flex e-con-boxed jltma-glass-effect-no e-con e-parent\" data-id=\"199a801\" data-element_type=\"container\" data-e-type=\"container\">\n\t\t\t\t\t<div class=\"e-con-inner\">\n\t\t<div class=\"elementor-element elementor-element-e3f5d76 e-con-full e-flex jltma-glass-effect-no e-con e-child\" data-id=\"e3f5d76\" data-element_type=\"container\" data-e-type=\"container\">\n\t\t\t\t<div class=\"elementor-element elementor-element-a71d767 jltma-glass-effect-no elementor-widget elementor-widget-audio\" data-id=\"a71d767\" data-element_type=\"widget\" data-e-type=\"widget\" data-widget_type=\"audio.default\">\n\t\t\t\t<div class=\"elementor-widget-container\">\n\t\t\t\t\t\t\t\t<div class=\"elementor-soundcloud-wrapper\">\n\t\t\t\t<iframe width=\"500\" height=\"400\" frameborder=\"no\" src=\"https:\/\/w.soundcloud.com\/player\/?visual=true&#038;url=https%3A%2F%2Fapi.soundcloud.com%2Ftracks%2F243035667&#038;show_artwork=false&#038;maxheight=750&#038;maxwidth=500&#038;auto_play=false&#038;buying=true&#038;liking=true&#038;download=true&#038;sharing=true&#038;show_comments=true&#038;show_playcount=true&#038;show_user=true&#038;color\"><\/iframe>\t\t\t<\/div>\n\t\t\t\t\t\t\t<\/div>\n\t\t\t\t<\/div>\n\t\t\t\t<\/div>\n\t\t<div class=\"elementor-element elementor-element-36435d9 e-con-full e-flex jltma-glass-effect-no e-con e-child\" data-id=\"36435d9\" data-element_type=\"container\" data-e-type=\"container\">\n\t\t\t\t<div class=\"elementor-element elementor-element-23250b9 jltma-glass-effect-no elementor-widget elementor-widget-heading\" data-id=\"23250b9\" data-element_type=\"widget\" data-e-type=\"widget\" data-widget_type=\"heading.default\">\n\t\t\t\t<div class=\"elementor-widget-container\">\n\t\t\t\t\t<h2 class=\"elementor-heading-title elementor-size-default\">De entiteit<\/h2>\t\t\t\t<\/div>\n\t\t\t\t<\/div>\n\t\t\t\t<div class=\"elementor-element elementor-element-9c53602 jltma-glass-effect-no elementor-widget elementor-widget-text-editor\" data-id=\"9c53602\" data-element_type=\"widget\" data-e-type=\"widget\" data-widget_type=\"text-editor.default\">\n\t\t\t\t<div class=\"elementor-widget-container\">\n\t\t\t\t\t\t\t\t\t<p>Voor het vijftiende lustrum schreven Hucbaldveteranen Tijsjoris Groot en Rhodan ten Kleij een verenigingslied: De Entiteit.<\/p>\n<p>Ze hebben hun eigen en andermans leukste ervaringen bij Hucbald in deze liedtekst verwerkt, zodat alle leuke herinneringen nog altijd worden gekoesterd.<\/p>\n<p>Door de AABBCC-structuur is dit lied ook eigenlijk nooit af: hierdoor is er altijd ruimte voor andere herinneringen die vereeuwigd kunnen worden in het lied.\u00a0<\/p>\n<p>Spelenderwijs hebben Tijsjoris en Rhodan gebruik gemaakt van de mogelijkheid om op bestaande melodie\u00ebn een verenigingslied te schrijven. De muziek kent referenties naar bekende liedjes, in die zin dat de stijl of melodie van die liedjes overgenomen wordt bij het zingen van tekstregels, die ook in die liedjes voorkomen. De opname van Rhodan en Tijsjoris is leidend bedoeld, de partituur niet: alles draait om de aankleding.<\/p>\n<p>Deze twee heren hopen dat alle Hucbaldianen, alumni en aankomende studenten veel plezier zullen beleven aan dit nu al prachtige lied voor een prachtige studievereniging.<\/p>\t\t\t\t\t\t\t\t<\/div>\n\t\t\t\t<\/div>\n\t\t\t\t<\/div>\n\t\t\t\t\t<\/div>\n\t\t\t\t<\/div>\n\t\t<div class=\"elementor-element elementor-element-4ffb758 e-flex e-con-boxed jltma-glass-effect-no e-con e-parent\" data-id=\"4ffb758\" data-element_type=\"container\" data-e-type=\"container\">\n\t\t\t\t\t<div class=\"e-con-inner\">\n\t\t\t\t<div class=\"elementor-element elementor-element-edc1a5a elementor-widget__width-initial jltma-glass-effect-no elementor-widget elementor-widget-text-editor\" data-id=\"edc1a5a\" data-element_type=\"widget\" data-e-type=\"widget\" data-widget_type=\"text-editor.default\">\n\t\t\t\t<div class=\"elementor-widget-container\">\n\t\t\t\t\t\t\t\t\t<pre><br \/><strong>De entiteit (liedtekst)<br \/><\/strong>Opzij,<em> opzij, opzij, want we komen eraan<\/em><br \/><em>Noten zingen, voetballen, Ragtime verslaan<\/em><br \/><em>Met een opblaasbootje in de gracht beland<\/em><br \/><em>Over de baren varen we naar de overkant<\/em><br \/><em>Doe mij een toppertje<\/em><br \/><em><strong>[Prechorus]<\/strong><\/em><br \/><em>Want Hucbald is de cirkel, onze kwint is nu rond<\/em><br \/><em>Hucbald is de entiteit waar vriendschap ontstond<\/em><br \/><em>Bij Hucbald word je pas een echte musicoloog<\/em><br \/><em>En daarom zingen we allemaal: Hucbald Hoog<\/em><br \/><em><strong>[Refrein]<\/strong><\/em><br \/><em>Hucbald Hoog!<\/em><br \/><em>Lissabon, Budapest, Praag en Parijs<\/em><br \/><em>Geld neertellen voor een mooie studiereis<\/em><br \/><em>Kroegentochten, karaoke, opera<\/em><br \/><em>Huc venit omnis in de gloria<\/em><br \/><em>Doe mij een toppertje<\/em><br \/><em><strong>[Prechorus, refrein]<\/strong><\/em><br \/><em>Requiem aeternam, dies irae<\/em><br \/><em>Dies illa, Durufl\u00e9<\/em><br \/><em>Cherubini, Verdi, Mozart, Faur\u00e9<\/em><br \/><em>Bitterballen, frikandellen, kaassouffl\u00e9<\/em><br \/><em>Doe mij een berenklauw<\/em><br \/><em><strong>[Prechorus, refrein]<\/strong><\/em><br \/><em>Wel een beetje raar, 75 jaar<\/em><br \/><em>We gaan nog niet naar huis, we zijn nog lang niet klaar<\/em><br \/><em>Van Soixante-Neuf tot Con Piacere via Con Anima<\/em><br \/><em>Die blikken in je ogen tijdens open podia<\/em><br \/><em>Doe mij een toppertje<\/em><br \/><em><strong>[Prechorus, refrein]<\/strong><\/em><br \/><em>In je paper trek je de conclusie<\/em><br \/><em>Verwacht een tien en krijg een desillusie<\/em><br \/><em>Dan maar huilend naar de kroeg, de wereld gaat dicht<\/em><br \/><em>Samen lekker biertjes happen recht in je gezicht<\/em><br \/><em>Doe mij een toppertje<\/em><br \/><em><strong>[Prechorus, prechorus a capella, snellere refrein]<\/strong><\/em><br \/><em>Het is twee uur 's nachts en niemand ligt nog op bed<\/em><br \/><em>De meeste dromen zijn bedrog en jij bent de slet<\/em><br \/><em>Ristorante Italiano, broccoli<\/em><br \/><em>'t Is donderdag, ga je mee naar Tivoli?<\/em><br \/><em><strong>[Refrein]<\/strong><\/em><br \/><em>We feesten tot zonsopgang, we gaan uit ons dak<\/em><br \/><em>En als je moe wordt, vind je wel een slaapzak<\/em><br \/><em>Nu zijn we heel erg brak en het busje komt zo<\/em><br \/><em>Een kater zonder slapen is het beste cadeau<\/em><br \/><em>Ik heb zo'n koppijn<\/em><br \/><em><strong>[Prechorus]<\/strong><\/em><br \/><em><strong>[Eindrefrein]<\/strong><\/em><br \/><em>Ja! Hucbald is de cirkel, onze buiken zijn rond<\/em><br \/><em>We hebben zoveel bier op, dat is echt niet gezond<\/em><br \/><em>Bij Hucbald houdt de harde kern het nooit eens droog<\/em><br \/><em>En daarom lallen we allemaal: Hucbald Hoog!<\/em><br \/><em><strong>[Outro]<\/strong><\/em><br \/><em>Hucbald Hoog...<\/em><br \/><br \/><em><strong>[Bonuscouplet ter viering van het 16e lustrum]<\/strong><\/em><br \/><em>Blijf thuis, blijf thuis, blijf thuis<\/em><br \/><em>want Corona is hier<\/em><br \/><em>geen borrels of reizen<\/em><br \/><em>geen fysiek vertier<\/em><br \/><em>Thuis achter de laptop naar college gaan<\/em><br \/><em>en alleen nog maar naar buiten om op 't balkon te staan<\/em><br \/><em>das wel een dompertje....<\/em><br \/><em><strong>[Pre-chorus]<\/strong><\/em><br \/><em>Dus hucbald gaat online omdat het niet anders kan<\/em><br \/><em>Dus kom er snel bij en zet je beeldscherm aan<\/em><br \/><em>Want ook al is de eenzaamheid soms niet ver heen<\/em><br \/><em>Bij Hucbald ben je toch<\/em><br \/><em>Nooit alleen<\/em><br \/><br \/><em>HUCBALD HOOG<\/em><\/pre>\t\t\t\t\t\t\t\t<\/div>\n\t\t\t\t<\/div>\n\t\t\t\t\t<\/div>\n\t\t\t\t<\/div>\n\t\t\t\t<\/div>\n\t\t","protected":false},"excerpt":{"rendered":"<p>Studievereniging Hucbald is d\u00e9 studievereniging voor studenten Muziekwetenschap aan de Universiteit Utrecht. Het heeft een jaarlijks wisselend vijf-koppig bestuur en acht commissies. De vereniging houdt zich bezig met het organiseren van studiegerelateerde en sociale activiteiten voor haar ruim 125 leden. Enkele hoogtepunten zijn het jaarlijks terugkerende Koorproject, de Familiedag, Alumnidag en de buitenlandse reis. Naast [&hellip;]<\/p>\n","protected":false},"author":1,"featured_media":0,"parent":0,"menu_order":0,"comment_status":"closed","ping_status":"closed","template":"","meta":{"_acf_changed":false,"site-sidebar-layout":"default","site-content-layout":"","ast-site-content-layout":"","site-content-style":"default","site-sidebar-style":"default","ast-global-header-display":"","ast-banner-title-visibility":"","ast-main-header-display":"","ast-hfb-above-header-display":"","ast-hfb-below-header-display":"","ast-hfb-mobile-header-display":"","site-post-title":"","ast-breadcrumbs-content":"","ast-featured-img":"","footer-sml-layout":"","theme-transparent-header-meta":"","adv-header-id-meta":"","stick-header-meta":"","header-above-stick-meta":"","header-main-stick-meta":"","header-below-stick-meta":"","astra-migrate-meta-layouts":"default","ast-page-background-enabled":"default","ast-page-background-meta":{"desktop":{"background-color":"","background-image":"","background-repeat":"repeat","background-position":"center center","background-size":"auto","background-attachment":"scroll","background-type":"","background-media":"","overlay-type":"","overlay-color":"","overlay-opacity":"","overlay-gradient":""},"tablet":{"background-color":"","background-image":"","background-repeat":"repeat","background-position":"center center","background-size":"auto","background-attachment":"scroll","background-type":"","background-media":"","overlay-type":"","overlay-color":"","overlay-opacity":"","overlay-gradient":""},"mobile":{"background-color":"","background-image":"","background-repeat":"repeat","background-position":"center center","background-size":"auto","background-attachment":"scroll","background-type":"","background-media":"","overlay-type":"","overlay-color":"","overlay-opacity":"","overlay-gradient":""}},"ast-content-background-meta":{"desktop":{"background-color":"var(--ast-global-color-5)","background-image":"","background-repeat":"repeat","background-position":"center center","background-size":"auto","background-attachment":"scroll","background-type":"","background-media":"","overlay-type":"","overlay-color":"","overlay-opacity":"","overlay-gradient":""},"tablet":{"background-color":"var(--ast-global-color-5)","background-image":"","background-repeat":"repeat","background-position":"center center","background-size":"auto","background-attachment":"scroll","background-type":"","background-media":"","overlay-type":"","overlay-color":"","overlay-opacity":"","overlay-gradient":""},"mobile":{"background-color":"var(--ast-global-color-5)","background-image":"","background-repeat":"repeat","background-position":"center center","background-size":"auto","background-attachment":"scroll","background-type":"","background-media":"","overlay-type":"","overlay-color":"","overlay-opacity":"","overlay-gradient":""}},"slim_seo":{"title":"Over Studievereniging Hucbald - Studievereniging Hucbald","description":"Studievereniging Hucbald is d\u00e9 studievereniging voor studenten Muziekwetenschap aan de Universiteit Utrecht. Het heeft een jaarlijks wisselend vijf-koppig bestu"},"footnotes":""},"class_list":["post-357","page","type-page","status-publish","hentry"],"acf":[],"_links":{"self":[{"href":"https:\/\/hucbald.nl\/en\/wp-json\/wp\/v2\/pages\/357","targetHints":{"allow":["GET"]}}],"collection":[{"href":"https:\/\/hucbald.nl\/en\/wp-json\/wp\/v2\/pages"}],"about":[{"href":"https:\/\/hucbald.nl\/en\/wp-json\/wp\/v2\/types\/page"}],"author":[{"embeddable":true,"href":"https:\/\/hucbald.nl\/en\/wp-json\/wp\/v2\/users\/1"}],"replies":[{"embeddable":true,"href":"https:\/\/hucbald.nl\/en\/wp-json\/wp\/v2\/comments?post=357"}],"version-history":[{"count":0,"href":"https:\/\/hucbald.nl\/en\/wp-json\/wp\/v2\/pages\/357\/revisions"}],"wp:attachment":[{"href":"https:\/\/hucbald.nl\/en\/wp-json\/wp\/v2\/media?parent=357"}],"curies":[{"name":"wp","href":"https:\/\/api.w.org\/{rel}","templated":true}]}}